{"id":627,"date":"2015-02-27T14:58:42","date_gmt":"2015-02-27T14:58:42","guid":{"rendered":"http:\/\/demo.vegatheme.com\/demeter2\/version-dark\/?page_id=627"},"modified":"2015-02-27T14:58:42","modified_gmt":"2015-02-27T14:58:42","slug":"sample-page","status":"publish","type":"page","link":"https:\/\/guepesduforez.fr\/index.php\/sample-page\/","title":{"rendered":"Sample Page"},"content":{"rendered":"<p>I am text block. Click edit button to change this text. Lorem ipsum dolor sit amet, consectetur adipiscing elit. Ut elit tellus, luctus nec ullamcorper mattis, pulvinar dapibus leo.<\/p>\n","protected":false},"excerpt":{"rendered":"<p>I am text block. Click edit button to change this text. Lorem ipsum dolor sit amet, consectetur adipiscing elit. Ut elit tellus, luctus nec ullamcorper mattis, pulvinar dapibus leo.<\/p>\n","protected":false},"author":1,"featured_media":0,"parent":0,"menu_order":0,"comment_status":"open","ping_status":"open","template":"","meta":{"footnotes":""},"class_list":["post-627","page","type-page","status-publish","hentry"],"yoast_head":"<!-- This site is optimized with the Yoast SEO plugin v27.0 - https:\/\/yoast.com\/product\/yoast-seo-wordpress\/ -->\n<title>Sample Page - Destruction de nids de gu\u00eapes et frelons en Forez<\/title>\n<meta name=\"robots\" content=\"index, follow, max-snippet:-1, max-image-preview:large, max-video-preview:-1\" \/>\n<link rel=\"canonical\" href=\"https:\/\/guepesduforez.fr\/index.php\/sample-page\/\" \/>\n<meta property=\"og:locale\" content=\"fr_FR\" \/>\n<meta property=\"og:type\" content=\"article\" \/>\n<meta property=\"og:title\" content=\"Sample Page - Destruction de nids de gu\u00eapes et frelons en Forez\" \/>\n<meta property=\"og:description\" content=\"I am text block. Click edit button to change this text. Lorem ipsum dolor sit amet, consectetur adipiscing elit. Ut elit tellus, luctus nec ullamcorper mattis, pulvinar dapibus leo.\" \/>\n<meta property=\"og:url\" content=\"https:\/\/guepesduforez.fr\/index.php\/sample-page\/\" \/>\n<meta property=\"og:site_name\" content=\"Destruction de nids de gu\u00eapes et frelons en Forez\" \/>\n<meta property=\"article:publisher\" content=\"https:\/\/www.facebook.com\/guepesduforez\" \/>\n<meta name=\"twitter:card\" content=\"summary_large_image\" \/>\n<script type=\"application\/ld+json\" class=\"yoast-schema-graph\">{\"@context\":\"https:\/\/schema.org\",\"@graph\":[{\"@type\":\"WebPage\",\"@id\":\"https:\/\/guepesduforez.fr\/index.php\/sample-page\/\",\"url\":\"https:\/\/guepesduforez.fr\/index.php\/sample-page\/\",\"name\":\"Sample Page - Destruction de nids de gu\u00eapes et frelons en Forez\",\"isPartOf\":{\"@id\":\"https:\/\/guepesduforez.fr\/#website\"},\"datePublished\":\"2015-02-27T14:58:42+00:00\",\"breadcrumb\":{\"@id\":\"https:\/\/guepesduforez.fr\/index.php\/sample-page\/#breadcrumb\"},\"inLanguage\":\"fr-FR\",\"potentialAction\":[{\"@type\":\"ReadAction\",\"target\":[\"https:\/\/guepesduforez.fr\/index.php\/sample-page\/\"]}]},{\"@type\":\"BreadcrumbList\",\"@id\":\"https:\/\/guepesduforez.fr\/index.php\/sample-page\/#breadcrumb\",\"itemListElement\":[{\"@type\":\"ListItem\",\"position\":1,\"name\":\"Accueil\",\"item\":\"https:\/\/guepesduforez.fr\/\"},{\"@type\":\"ListItem\",\"position\":2,\"name\":\"Sample Page\"}]},{\"@type\":\"WebSite\",\"@id\":\"https:\/\/guepesduforez.fr\/#website\",\"url\":\"https:\/\/guepesduforez.fr\/\",\"name\":\"Destruction de nids de gu\u00eapes et frelons en Forez\",\"description\":\"Comment \u00e9viter les piq\u00fbres de gu\u00eapes\",\"publisher\":{\"@id\":\"https:\/\/guepesduforez.fr\/#organization\"},\"potentialAction\":[{\"@type\":\"SearchAction\",\"target\":{\"@type\":\"EntryPoint\",\"urlTemplate\":\"https:\/\/guepesduforez.fr\/?s={search_term_string}\"},\"query-input\":{\"@type\":\"PropertyValueSpecification\",\"valueRequired\":true,\"valueName\":\"search_term_string\"}}],\"inLanguage\":\"fr-FR\"},{\"@type\":\"Organization\",\"@id\":\"https:\/\/guepesduforez.fr\/#organization\",\"name\":\"Destruction de nids de gu\u00eapes et frelons en Forez\",\"url\":\"https:\/\/guepesduforez.fr\/\",\"logo\":{\"@type\":\"ImageObject\",\"inLanguage\":\"fr-FR\",\"@id\":\"https:\/\/guepesduforez.fr\/#\/schema\/logo\/image\/\",\"url\":\"https:\/\/www.guepesduforez.fr\/wp-content\/uploads\/2019\/04\/logo-gdf-whitestatic.png\",\"contentUrl\":\"https:\/\/www.guepesduforez.fr\/wp-content\/uploads\/2019\/04\/logo-gdf-whitestatic.png\",\"width\":100,\"height\":80,\"caption\":\"Destruction de nids de gu\u00eapes et frelons en Forez\"},\"image\":{\"@id\":\"https:\/\/guepesduforez.fr\/#\/schema\/logo\/image\/\"},\"sameAs\":[\"https:\/\/www.facebook.com\/guepesduforez\"]}]}<\/script>\n<!-- \/ Yoast SEO plugin. -->","yoast_head_json":{"title":"Sample Page - Destruction de nids de gu\u00eapes et frelons en Forez","robots":{"index":"index","follow":"follow","max-snippet":"max-snippet:-1","max-image-preview":"max-image-preview:large","max-video-preview":"max-video-preview:-1"},"canonical":"https:\/\/guepesduforez.fr\/index.php\/sample-page\/","og_locale":"fr_FR","og_type":"article","og_title":"Sample Page - Destruction de nids de gu\u00eapes et frelons en Forez","og_description":"I am text block. Click edit button to change this text. Lorem ipsum dolor sit amet, consectetur adipiscing elit. Ut elit tellus, luctus nec ullamcorper mattis, pulvinar dapibus leo.","og_url":"https:\/\/guepesduforez.fr\/index.php\/sample-page\/","og_site_name":"Destruction de nids de gu\u00eapes et frelons en Forez","article_publisher":"https:\/\/www.facebook.com\/guepesduforez","twitter_card":"summary_large_image","schema":{"@context":"https:\/\/schema.org","@graph":[{"@type":"WebPage","@id":"https:\/\/guepesduforez.fr\/index.php\/sample-page\/","url":"https:\/\/guepesduforez.fr\/index.php\/sample-page\/","name":"Sample Page - Destruction de nids de gu\u00eapes et frelons en Forez","isPartOf":{"@id":"https:\/\/guepesduforez.fr\/#website"},"datePublished":"2015-02-27T14:58:42+00:00","breadcrumb":{"@id":"https:\/\/guepesduforez.fr\/index.php\/sample-page\/#breadcrumb"},"inLanguage":"fr-FR","potentialAction":[{"@type":"ReadAction","target":["https:\/\/guepesduforez.fr\/index.php\/sample-page\/"]}]},{"@type":"BreadcrumbList","@id":"https:\/\/guepesduforez.fr\/index.php\/sample-page\/#breadcrumb","itemListElement":[{"@type":"ListItem","position":1,"name":"Accueil","item":"https:\/\/guepesduforez.fr\/"},{"@type":"ListItem","position":2,"name":"Sample Page"}]},{"@type":"WebSite","@id":"https:\/\/guepesduforez.fr\/#website","url":"https:\/\/guepesduforez.fr\/","name":"Destruction de nids de gu\u00eapes et frelons en Forez","description":"Comment \u00e9viter les piq\u00fbres de gu\u00eapes","publisher":{"@id":"https:\/\/guepesduforez.fr\/#organization"},"potentialAction":[{"@type":"SearchAction","target":{"@type":"EntryPoint","urlTemplate":"https:\/\/guepesduforez.fr\/?s={search_term_string}"},"query-input":{"@type":"PropertyValueSpecification","valueRequired":true,"valueName":"search_term_string"}}],"inLanguage":"fr-FR"},{"@type":"Organization","@id":"https:\/\/guepesduforez.fr\/#organization","name":"Destruction de nids de gu\u00eapes et frelons en Forez","url":"https:\/\/guepesduforez.fr\/","logo":{"@type":"ImageObject","inLanguage":"fr-FR","@id":"https:\/\/guepesduforez.fr\/#\/schema\/logo\/image\/","url":"https:\/\/www.guepesduforez.fr\/wp-content\/uploads\/2019\/04\/logo-gdf-whitestatic.png","contentUrl":"https:\/\/www.guepesduforez.fr\/wp-content\/uploads\/2019\/04\/logo-gdf-whitestatic.png","width":100,"height":80,"caption":"Destruction de nids de gu\u00eapes et frelons en Forez"},"image":{"@id":"https:\/\/guepesduforez.fr\/#\/schema\/logo\/image\/"},"sameAs":["https:\/\/www.facebook.com\/guepesduforez"]}]}},"_links":{"self":[{"href":"https:\/\/guepesduforez.fr\/index.php\/wp-json\/wp\/v2\/pages\/627","targetHints":{"allow":["GET"]}}],"collection":[{"href":"https:\/\/guepesduforez.fr\/index.php\/wp-json\/wp\/v2\/pages"}],"about":[{"href":"https:\/\/guepesduforez.fr\/index.php\/wp-json\/wp\/v2\/types\/page"}],"author":[{"embeddable":true,"href":"https:\/\/guepesduforez.fr\/index.php\/wp-json\/wp\/v2\/users\/1"}],"replies":[{"embeddable":true,"href":"https:\/\/guepesduforez.fr\/index.php\/wp-json\/wp\/v2\/comments?post=627"}],"version-history":[{"count":0,"href":"https:\/\/guepesduforez.fr\/index.php\/wp-json\/wp\/v2\/pages\/627\/revisions"}],"wp:attachment":[{"href":"https:\/\/guepesduforez.fr\/index.php\/wp-json\/wp\/v2\/media?parent=627"}],"curies":[{"name":"wp","href":"https:\/\/api.w.org\/{rel}","templated":true}]}}